{"id":1466,"date":"2026-01-20T17:00:21","date_gmt":"2026-01-20T17:00:21","guid":{"rendered":"https:\/\/flamencofestivalesch.lu\/flamenco-festival\/"},"modified":"2026-02-25T16:22:04","modified_gmt":"2026-02-25T16:22:04","slug":"flamenco-festival","status":"publish","type":"page","link":"http:\/\/flamencofestivalesch.lu\/en\/","title":{"rendered":"Flamenco festival Esch"},"content":{"rendered":"[vc_row type=&#8221;full_width_content&#8221; full_screen_row_position=&#8221;middle&#8221; column_margin=&#8221;default&#8221; column_direction=&#8221;default&#8221; column_direction_tablet=&#8221;default&#8221; column_direction_phone=&#8221;default&#8221; bg_color=&#8221;#A10000&#8243; bg_image=&#8221;1440&#8243; bg_image_type=&#8221;default&#8221; bg_position=&#8221;center center&#8221; background_image_loading=&#8221;default&#8221; bg_repeat=&#8221;no-repeat&#8221; full_height=&#8221;yes&#8221; scene_position=&#8221;center&#8221; left_padding_desktop=&#8221;60px&#8221; constrain_group_2=&#8221;yes&#8221; right_padding_desktop=&#8221;60px&#8221; left_padding_tablet=&#8221;25px&#8221; constrain_group_4=&#8221;yes&#8221; right_padding_tablet=&#8221;25px&#8221; text_color=&#8221;light&#8221; text_align=&#8221;left&#8221; row_border_radius=&#8221;none&#8221; row_border_radius_applies=&#8221;bg&#8221; row_position_desktop=&#8221;default&#8221; row_position_tablet=&#8221;inherit&#8221; row_position_phone=&#8221;inherit&#8221; overflow=&#8221;visible&#8221; overlay_strength=&#8221;0.3&#8243; gradient_direction=&#8221;left_to_right&#8221; shape_divider_position=&#8221;bottom&#8221; bg_image_animation=&#8221;none&#8221; color_change_section=&#8221;true&#8221; gradient_type=&#8221;default&#8221; shape_type=&#8221;&#8221;][vc_column flex_gap_desktop=&#8221;10px&#8221; desktop_text_alignment=&#8221;center&#8221; tablet_text_alignment=&#8221;default&#8221; phone_text_alignment=&#8221;default&#8221; background_color_opacity=&#8221;1&#8243; background_hover_color_opacity=&#8221;1&#8243; column_backdrop_filter=&#8221;none&#8221; font_color=&#8221;#FFFFFF&#8221; column_shadow=&#8221;none&#8221; column_border_radius=&#8221;none&#8221; column_link_target=&#8221;_self&#8221; column_position=&#8221;static&#8221; gradient_direction=&#8221;left_to_right&#8221; overlay_strength=&#8221;0.3&#8243; width=&#8221;1\/1&#8243; tablet_width_inherit=&#8221;default&#8221; animation_type=&#8221;default&#8221; bg_image_animation=&#8221;none&#8221; border_type=&#8221;simple&#8221; column_border_width=&#8221;none&#8221; column_border_style=&#8221;solid&#8221; flexbox_justify_content_tablet=&#8221;&#8221; flexbox_align_items_tablet=&#8221;&#8221; flexbox_direction_tablet=&#8221;&#8221; column_padding_type=&#8221;advanced&#8221; gradient_type=&#8221;default&#8221; content_layout=&#8221;flexbox&#8221; flex_layout_desktop=&#8221;column&#8221; flex_justify_content_desktop=&#8221;space-between&#8221; flex_align_items_desktop=&#8221;stretch&#8221; flex_align_items_phone=&#8221;&#8221; flex_wrap_desktop=&#8221;nowrap&#8221; flex_reverse_desktop=&#8221;false&#8221;][nectar_content_trail images=&#8221;1321,1430&#8243; image_size=&#8221;regular&#8221; image_width_phone=&#8221;100px&#8221; animation_in=&#8221;scale&#8221; animation_out=&#8221;scale&#8221; aspect_ratio=&#8221;1-1&#8243; border_radius=&#8221;0&#8243; frequency=&#8221;130&#8243; duration=&#8221;0.5&#8243; lerp=&#8221;50&#8243; randomize_rotation=&#8221;true&#8221; position_desktop=&#8221;absolute&#8221; top_position_desktop=&#8221;0&#8243; bottom_position_desktop=&#8221;0&#8243; left_position_desktop=&#8221;0&#8243; right_position_desktop=&#8221;0&#8243; height_desktop=&#8221;100%&#8221; overflow=&#8221;visible&#8221; animation=&#8221;scale&#8221; zindex=&#8221;10&#8243; type=&#8221;images&#8221;][vc_row_inner column_margin=&#8221;default&#8221; column_direction=&#8221;default&#8221; column_direction_tablet=&#8221;default&#8221; column_direction_phone=&#8221;default&#8221; left_padding_desktop=&#8221;30%&#8221; right_padding_desktop=&#8221;30%&#8221; left_padding_tablet=&#8221;20%&#8221; right_padding_tablet=&#8221;20%&#8221; left_padding_phone=&#8221;10%&#8221; right_padding_phone=&#8221;10%&#8221; text_align=&#8221;left&#8221; row_position=&#8221;default&#8221; row_position_tablet=&#8221;inherit&#8221; row_position_phone=&#8221;inherit&#8221; overflow=&#8221;visible&#8221; pointer_events=&#8221;all&#8221;][vc_column_inner column_padding=&#8221;no-extra-padding&#8221; column_padding_tablet=&#8221;inherit&#8221; column_padding_phone=&#8221;inherit&#8221; column_padding_position=&#8221;all&#8221; column_element_direction_desktop=&#8221;default&#8221; column_element_spacing=&#8221;default&#8221; centered_text=&#8221;true&#8221; desktop_text_alignment=&#8221;center&#8221; tablet_text_alignment=&#8221;default&#8221; phone_text_alignment=&#8221;default&#8221; background_color_opacity=&#8221;1&#8243; background_hover_color_opacity=&#8221;1&#8243; column_backdrop_filter=&#8221;none&#8221; column_shadow=&#8221;none&#8221; column_border_radius=&#8221;none&#8221; column_link_target=&#8221;_self&#8221; overflow=&#8221;visible&#8221; gradient_direction=&#8221;left_to_right&#8221; overlay_strength=&#8221;0.3&#8243; width=&#8221;1\/1&#8243; tablet_width_inherit=&#8221;default&#8221; animation_type=&#8221;default&#8221; bg_image_animation=&#8221;none&#8221; border_type=&#8221;simple&#8221; column_border_width=&#8221;none&#8221; column_border_style=&#8221;solid&#8221; column_padding_type=&#8221;default&#8221; content_layout=&#8221;default&#8221; gradient_type=&#8221;default&#8221;][image_with_animation image_url=&#8221;1452&#8243; image_size=&#8221;full&#8221; max_width=&#8221;custom&#8221; animation_type=&#8221;entrance&#8221; animation=&#8221;None&#8221; animation_movement_type=&#8221;transform_y&#8221; hover_animation=&#8221;none&#8221; alignment=&#8221;center&#8221; border_radius=&#8221;none&#8221; box_shadow=&#8221;none&#8221; image_loading=&#8221;default&#8221; max_width_custom=&#8221;100%&#8221; max_width_custom_tablet=&#8221;100%&#8221; max_width_custom_phone=&#8221;150%&#8221;][\/vc_column_inner][\/vc_row_inner][\/vc_column][\/vc_row][vc_row type=&#8221;full_width_content&#8221; full_screen_row_position=&#8221;middle&#8221; column_margin=&#8221;default&#8221; equal_height=&#8221;yes&#8221; content_placement=&#8221;top&#8221; column_direction=&#8221;default&#8221; column_direction_tablet=&#8221;default&#8221; column_direction_phone=&#8221;default&#8221; bg_color=&#8221;#FFFFFF&#8221; scene_position=&#8221;center&#8221; top_padding=&#8221;10%&#8221; left_padding_desktop=&#8221;10%&#8221; constrain_group_2=&#8221;yes&#8221; right_padding_desktop=&#8221;10%&#8221; top_padding_tablet=&#8221;24%&#8221; bottom_padding_tablet=&#8221;15%&#8221; text_color=&#8221;dark&#8221; text_align=&#8221;left&#8221; row_border_radius=&#8221;none&#8221; row_border_radius_applies=&#8221;bg&#8221; row_position_desktop=&#8221;default&#8221; row_position_tablet=&#8221;inherit&#8221; row_position_phone=&#8221;inherit&#8221; overflow=&#8221;visible&#8221; id=&#8221;festival&#8221; advanced_gradient_angle=&#8221;0&#8243; overlay_strength=&#8221;0.3&#8243; gradient_direction=&#8221;left_to_right&#8221; shape_divider_position=&#8221;top&#8221; shape_divider_height=&#8221;50%&#8221; bg_image_animation=&#8221;none&#8221; color_change_section=&#8221;true&#8221; parallax_bg=&#8221;true&#8221; parallax_bg_speed=&#8221;fast&#8221; shape_type=&#8221;straight_section&#8221; gradient_type=&#8221;default&#8221;][vc_column column_padding=&#8221;no-extra-padding&#8221; column_padding_tablet=&#8221;inherit&#8221; column_padding_phone=&#8221;inherit&#8221; column_padding_position=&#8221;all&#8221; column_element_direction_desktop=&#8221;default&#8221; column_element_spacing=&#8221;0px&#8221; desktop_text_alignment=&#8221;default&#8221; tablet_text_alignment=&#8221;default&#8221; phone_text_alignment=&#8221;default&#8221; background_color_opacity=&#8221;1&#8243; background_hover_color_opacity=&#8221;1&#8243; column_backdrop_filter=&#8221;none&#8221; column_shadow=&#8221;none&#8221; column_border_radius=&#8221;none&#8221; column_link_target=&#8221;_self&#8221; column_position=&#8221;default&#8221; gradient_direction=&#8221;left_to_right&#8221; overlay_strength=&#8221;0.3&#8243; width=&#8221;1\/2&#8243; tablet_width_inherit=&#8221;default&#8221; animation_type=&#8221;default&#8221; bg_image_animation=&#8221;none&#8221; border_type=&#8221;simple&#8221; column_border_width=&#8221;none&#8221; column_border_style=&#8221;solid&#8221; flexbox_justify_content_tablet=&#8221;&#8221; flexbox_align_items_tablet=&#8221;&#8221; flexbox_direction_tablet=&#8221;&#8221; column_padding_type=&#8221;default&#8221; content_layout=&#8221;default&#8221; gradient_type=&#8221;default&#8221;][vc_row_inner column_margin=&#8221;default&#8221; column_direction=&#8221;default&#8221; column_direction_tablet=&#8221;default&#8221; column_direction_phone=&#8221;default&#8221; translate_x=&#8221;-90&#8243; text_align=&#8221;left&#8221; row_position=&#8221;default&#8221; row_position_tablet=&#8221;inherit&#8221; row_position_phone=&#8221;inherit&#8221; top_position_desktop=&#8221;0&#8243; right_position_desktop=&#8221;0&#8243; max_width_desktop=&#8221;175&#8243; zindex=&#8221;100&#8243; overflow=&#8221;visible&#8221; pointer_events=&#8221;all&#8221;][vc_column_inner column_padding=&#8221;no-extra-padding&#8221; column_padding_tablet=&#8221;inherit&#8221; column_padding_phone=&#8221;inherit&#8221; column_padding_position=&#8221;all&#8221; translate_y=&#8221;-200&#8243; column_element_direction_desktop=&#8221;default&#8221; column_element_spacing=&#8221;default&#8221; desktop_text_alignment=&#8221;left&#8221; tablet_text_alignment=&#8221;default&#8221; phone_text_alignment=&#8221;default&#8221; background_color_opacity=&#8221;1&#8243; background_hover_color_opacity=&#8221;1&#8243; column_backdrop_filter=&#8221;none&#8221; column_shadow=&#8221;none&#8221; column_border_radius=&#8221;none&#8221; column_link_target=&#8221;_self&#8221; overflow=&#8221;visible&#8221; gradient_direction=&#8221;left_to_right&#8221; overlay_strength=&#8221;0.3&#8243; width=&#8221;1\/1&#8243; tablet_width_inherit=&#8221;default&#8221; animation_type=&#8221;default&#8221; bg_image_animation=&#8221;none&#8221; border_type=&#8221;simple&#8221; column_border_width=&#8221;none&#8221; column_border_style=&#8221;solid&#8221; column_padding_type=&#8221;default&#8221; content_layout=&#8221;default&#8221; gradient_type=&#8221;default&#8221;][image_with_animation image_url=&#8221;1006&#8243; image_size=&#8221;full&#8221; max_width=&#8221;100%&#8221; max_width_mobile=&#8221;default&#8221; animation_type=&#8221;looped&#8221; loop_animation=&#8221;rotate&#8221; animation_movement_type=&#8221;transform_y&#8221; animation_movement_intensity=&#8221;-5&#8243; animation_movement_persist_on_mobile=&#8221;true&#8221; hover_animation=&#8221;none&#8221; alignment=&#8221;&#8221; border_radius=&#8221;none&#8221; image_loading=&#8221;default&#8221; img_link=&#8221;https:\/\/flamencofestivalesch.lu\/?page_id=1098&#8243;][\/vc_column_inner][\/vc_row_inner][vc_row_inner column_margin=&#8221;default&#8221; column_direction=&#8221;default&#8221; column_direction_tablet=&#8221;default&#8221; column_direction_phone=&#8221;default&#8221; translate_y=&#8221;0&#8243; text_align=&#8221;left&#8221; row_position=&#8221;default&#8221; row_position_tablet=&#8221;inherit&#8221; row_position_phone=&#8221;inherit&#8221; overflow=&#8221;visible&#8221; pointer_events=&#8221;all&#8221;][vc_column_inner column_padding=&#8221;no-extra-padding&#8221; column_padding_tablet=&#8221;inherit&#8221; column_padding_phone=&#8221;inherit&#8221; column_padding_position=&#8221;all&#8221; translate_y=&#8221;-170&#8243; column_element_direction_desktop=&#8221;default&#8221; column_element_spacing=&#8221;default&#8221; desktop_text_alignment=&#8221;default&#8221; tablet_text_alignment=&#8221;default&#8221; phone_text_alignment=&#8221;default&#8221; background_color_opacity=&#8221;1&#8243; background_hover_color_opacity=&#8221;1&#8243; column_backdrop_filter=&#8221;none&#8221; column_shadow=&#8221;none&#8221; column_border_radius=&#8221;none&#8221; column_link_target=&#8221;_self&#8221; overflow=&#8221;visible&#8221; gradient_direction=&#8221;left_to_right&#8221; overlay_strength=&#8221;0.3&#8243; width=&#8221;1\/1&#8243; tablet_width_inherit=&#8221;default&#8221; animation_type=&#8221;default&#8221; bg_image_animation=&#8221;none&#8221; border_type=&#8221;simple&#8221; column_border_width=&#8221;none&#8221; column_border_style=&#8221;solid&#8221; column_padding_type=&#8221;default&#8221; content_layout=&#8221;default&#8221; gradient_type=&#8221;default&#8221;][image_with_animation image_url=&#8221;1068&#8243; image_size=&#8221;full&#8221; max_width=&#8221;100%&#8221; max_width_mobile=&#8221;default&#8221; animation_type=&#8221;entrance&#8221; animation=&#8221;None&#8221; animation_movement_type=&#8221;transform_y&#8221; hover_animation=&#8221;none&#8221; alignment=&#8221;&#8221; border_radius=&#8221;10px&#8221; box_shadow=&#8221;none&#8221; image_loading=&#8221;default&#8221;][\/vc_column_inner][\/vc_row_inner][\/vc_column][vc_column left_padding_desktop=&#8221;12%&#8221; left_padding_tablet=&#8221;0&#8243; left_padding_phone=&#8221;0&#8243; column_element_direction_desktop=&#8221;default&#8221; column_element_spacing=&#8221;default&#8221; desktop_text_alignment=&#8221;default&#8221; tablet_text_alignment=&#8221;center&#8221; phone_text_alignment=&#8221;center&#8221; background_color_opacity=&#8221;1&#8243; background_hover_color_opacity=&#8221;1&#8243; column_backdrop_filter=&#8221;none&#8221; column_shadow=&#8221;none&#8221; column_border_radius=&#8221;none&#8221; column_link_target=&#8221;_self&#8221; column_position=&#8221;default&#8221; gradient_direction=&#8221;left_to_right&#8221; overlay_strength=&#8221;0.3&#8243; width=&#8221;1\/2&#8243; tablet_width_inherit=&#8221;default&#8221; animation_type=&#8221;parallax&#8221; animation_movement_type=&#8221;default&#8221; column_parallax_intensity=&#8221;1.75&#8243; bg_image_animation=&#8221;none&#8221; parallax_bg=&#8221;true&#8221; parallax_bg_speed=&#8221;fast&#8221; border_type=&#8221;simple&#8221; column_border_width=&#8221;none&#8221; column_border_style=&#8221;solid&#8221; column_padding_type=&#8221;advanced&#8221; content_layout=&#8221;default&#8221; gradient_type=&#8221;default&#8221;][vc_column_text css=&#8221;.vc_custom_1769680973192{padding-bottom: 40px !important;}&#8221; text_direction=&#8221;default&#8221;]\n<h1 style=\"color: #10307a;\">Qu&#8217;est-ce que le Flamenco Festival Esch ?<\/h1>\n[\/vc_column_text][vc_column_text css=&#8221;&#8221; text_direction=&#8221;default&#8221;]Initi\u00e9 en 2006, et coorganis\u00e9 par la Kulturfabrik et le C\u00edrculo Cultural Espa\u00f1ol Antonio Machado en collaboration avec le Escher Theater, le Escher Conservatoire et la Cin\u00e9math\u00e8que de Luxembourg, le Flamenco Festival Esch est LE rendez-vous annuel des amatrices et amateurs de l\u2019art flamenco.<\/p>\n<p>Chaque ann\u00e9e, un programme riche et vari\u00e9 est propos\u00e9, avec des spectacles, des workshops (danse, chant, guitare), des films-documentaires et parfois des conf\u00e9rences et des expositions.<\/p>\n<p>Les spectacles ont lieu \u00e0 la Kulturfabrik, au Escher Theater et au Escher Conservatoire. La Cin\u00e9math\u00e8que de la Ville de Luxembourg et le Kinosch\/Kulturfabrik offrent leurs \u00e9crans pour la projection de films de th\u00e9matique flamenco.<\/p>\n<p>Des \u00e9tablissements comme TROIS C-L | Maison pour la danse, la Maison des Jeunes et de la Culture de Bettembourg, la librairie Ernster et le Festival de Wiltz ont \u00e0 plusieurs reprises contribu\u00e9 \u00e0 ouvrir les ailes de cet \u00e9ventail in\u00e9puisable appel\u00e9 Flamenco.[\/vc_column_text][\/vc_column][\/vc_row][vc_row type=&#8221;full_width_content&#8221; full_screen_row_position=&#8221;middle&#8221; column_margin=&#8221;default&#8221; column_direction=&#8221;default&#8221; column_direction_tablet=&#8221;default&#8221; column_direction_phone=&#8221;default&#8221; scene_position=&#8221;center&#8221; left_padding_desktop=&#8221;60px&#8221; constrain_group_2=&#8221;yes&#8221; right_padding_desktop=&#8221;60px&#8221; top_padding_tablet=&#8221;15%&#8221; left_padding_tablet=&#8221;25px&#8221; constrain_group_4=&#8221;yes&#8221; right_padding_tablet=&#8221;25px&#8221; constrain_group_9=&#8221;yes&#8221; constrain_group_10=&#8221;yes&#8221; text_color=&#8221;dark&#8221; text_align=&#8221;left&#8221; row_border_radius=&#8221;none&#8221; row_border_radius_applies=&#8221;bg&#8221; row_position_desktop=&#8221;default&#8221; row_position_tablet=&#8221;inherit&#8221; row_position_phone=&#8221;inherit&#8221; overflow=&#8221;visible&#8221; advanced_gradient_angle=&#8221;0&#8243; overlay_strength=&#8221;0.3&#8243; gradient_direction=&#8221;left_to_right&#8221; shape_divider_position=&#8221;bottom&#8221; bg_image_animation=&#8221;none&#8221; shape_type=&#8221;&#8221; gradient_type=&#8221;default&#8221;][vc_column column_padding=&#8221;no-extra-padding&#8221; column_padding_tablet=&#8221;inherit&#8221; column_padding_phone=&#8221;inherit&#8221; column_padding_position=&#8221;all&#8221; column_element_direction_desktop=&#8221;default&#8221; column_element_spacing=&#8221;20px&#8221; desktop_text_alignment=&#8221;default&#8221; tablet_text_alignment=&#8221;default&#8221; phone_text_alignment=&#8221;default&#8221; background_color_opacity=&#8221;1&#8243; background_hover_color_opacity=&#8221;1&#8243; column_backdrop_filter=&#8221;none&#8221; column_shadow=&#8221;none&#8221; column_border_radius=&#8221;none&#8221; column_link_target=&#8221;_self&#8221; column_position=&#8221;default&#8221; advanced_gradient_angle=&#8221;0&#8243; gradient_direction=&#8221;left_to_right&#8221; overlay_strength=&#8221;0.3&#8243; width=&#8221;1\/1&#8243; tablet_width_inherit=&#8221;default&#8221; animation_type=&#8221;default&#8221; bg_image_animation=&#8221;none&#8221; border_type=&#8221;simple&#8221; column_border_width=&#8221;none&#8221; column_border_style=&#8221;solid&#8221; flexbox_justify_content_tablet=&#8221;&#8221; flexbox_align_items_tablet=&#8221;&#8221; flexbox_direction_tablet=&#8221;&#8221; gradient_type=&#8221;default&#8221; column_padding_type=&#8221;default&#8221; content_layout=&#8221;default&#8221;][vc_row_inner column_margin=&#8221;default&#8221; column_direction=&#8221;default&#8221; column_direction_tablet=&#8221;default&#8221; column_direction_phone=&#8221;default&#8221; bottom_padding=&#8221;2%&#8221; text_align=&#8221;left&#8221; row_position=&#8221;default&#8221; row_position_tablet=&#8221;inherit&#8221; row_position_phone=&#8221;inherit&#8221; overflow=&#8221;visible&#8221; pointer_events=&#8221;all&#8221;][vc_column_inner column_padding=&#8221;no-extra-padding&#8221; column_padding_tablet=&#8221;inherit&#8221; column_padding_phone=&#8221;inherit&#8221; column_padding_position=&#8221;all&#8221; flex_gap_desktop=&#8221;10px&#8221; column_element_direction_desktop=&#8221;default&#8221; column_element_spacing=&#8221;default&#8221; desktop_text_alignment=&#8221;default&#8221; tablet_text_alignment=&#8221;default&#8221; phone_text_alignment=&#8221;default&#8221; background_color_opacity=&#8221;1&#8243; background_hover_color_opacity=&#8221;1&#8243; column_backdrop_filter=&#8221;none&#8221; column_shadow=&#8221;none&#8221; column_border_radius=&#8221;none&#8221; column_link_target=&#8221;_self&#8221; overflow=&#8221;visible&#8221; gradient_direction=&#8221;left_to_right&#8221; overlay_strength=&#8221;0.3&#8243; width=&#8221;1\/1&#8243; tablet_width_inherit=&#8221;default&#8221; animation_type=&#8221;default&#8221; bg_image_animation=&#8221;none&#8221; border_type=&#8221;simple&#8221; column_border_width=&#8221;none&#8221; column_border_style=&#8221;solid&#8221;][nectar_responsive_text inherited_font_style=&#8221;h6&#8243; text_direction=&#8221;default&#8221;]\n<h3 style=\"color: #10307a;\">Agenda<\/h3>\n[\/nectar_responsive_text][\/vc_column_inner][\/vc_row_inner][nectar_post_grid post_type=&#8221;portfolio&#8221; portfolio_category=&#8221;all&#8221; portfolio_starting_category=&#8221;all&#8221; order=&#8221;DESC&#8221; orderby=&#8221;date&#8221; pagination=&#8221;none&#8221; ignore_sticky_posts=&#8221;yes&#8221; grid_item_spacing=&#8221;15px&#8221; image_size=&#8221;portfolio-thumb_large&#8221; image_loading=&#8221;default&#8221; animation=&#8221;fade-in-from-bottom&#8221; animation_stagger=&#8221;150&#8243; animation_easing=&#8221;default&#8221; heading_tag=&#8221;h2&#8243; heading_tag_render=&#8221;default&#8221; category_position=&#8221;overlaid&#8221; display_excerpt=&#8221;yes&#8221; excerpt_display=&#8221;default&#8221; additional_meta_size=&#8221;default&#8221; custom_fields_location=&#8221;before_post_meta&#8221; custom_fields=&#8221;%5B%5D&#8221; grid_style=&#8221;vertical_list&#8221; vertical_list_hover_effect=&#8221;featured_image_follow&#8221; vertical_list_bg_color_hover=&#8221;#EAB722&#8243; vertical_list_text_color_hover=&#8221;#FFFFFF&#8221; vertical_list_border_color=&#8221;#EAB722&#8243; vertical_list_read_more=&#8221;yes&#8221; vertical_list_read_more_style=&#8221;arrow&#8221; text_color=&#8221;dark&#8221; vertical_list_custom_text_color=&#8221;#10307A&#8221; border_radius=&#8221;10px&#8221; posts_per_page=&#8221;4&#8243; display_type=&#8221;grid&#8221; excerpt_length=&#8221;5&#8243;][divider line_type=&#8221;No Line&#8221; custom_height=&#8221;20&#8243;][nectar_cta btn_style=&#8221;text-reveal&#8221; heading_tag=&#8221;span&#8221; link_type=&#8221;regular&#8221; button_color=&#8221;default&#8221; text_color=&#8221;#EAB722&#8243; text_color_hover=&#8221;#000000&#8243; button_border_thickness=&#8221;0px&#8221; alignment=&#8221;left&#8221; alignment_tablet=&#8221;default&#8221; alignment_phone=&#8221;default&#8221; display=&#8221;block&#8221; display_tablet=&#8221;inherit&#8221; display_phone=&#8221;inherit&#8221; icon_family=&#8221;none&#8221; link_text=&#8221;PROGRAMME COMPLET&#8221; url=&#8221;https:\/\/flamencofestivalesch.lu\/?page_id=1098&#8243;][\/vc_column][\/vc_row]\n","protected":false},"excerpt":{"rendered":"<p>[vc_row type=&#8221;full_width_content&#8221; full_screen_row_position=&#8221;middle&#8221; column_margin=&#8221;default&#8221; column_direction=&#8221;default&#8221; column_direction_tablet=&#8221;default&#8221; column_direction_phone=&#8221;default&#8221; bg_color=&#8221;#A10000&#8243; bg_image=&#8221;1440&#8243; bg_image_type=&#8221;default&#8221; bg_position=&#8221;center center&#8221; background_image_loading=&#8221;default&#8221; bg_repeat=&#8221;no-repeat&#8221; full_height=&#8221;yes&#8221; scene_position=&#8221;center&#8221; left_padding_desktop=&#8221;60px&#8221; constrain_group_2=&#8221;yes&#8221; right_padding_desktop=&#8221;60px&#8221; left_padding_tablet=&#8221;25px&#8221; constrain_group_4=&#8221;yes&#8221; right_padding_tablet=&#8221;25px&#8221; text_color=&#8221;light&#8221; text_align=&#8221;left&#8221; row_border_radius=&#8221;none&#8221; row_border_radius_applies=&#8221;bg&#8221; row_position_desktop=&#8221;default&#8221; row_position_tablet=&#8221;inherit&#8221; row_position_phone=&#8221;inherit&#8221; overflow=&#8221;visible&#8221; overlay_strength=&#8221;0.3&#8243; gradient_direction=&#8221;left_to_right&#8221; shape_divider_position=&#8221;bottom&#8221; bg_image_animation=&#8221;none&#8221; color_change_section=&#8221;true&#8221; gradient_type=&#8221;default&#8221; shape_type=&#8221;&#8221;][vc_column flex_gap_desktop=&#8221;10px&#8221; desktop_text_alignment=&#8221;center&#8221; tablet_text_alignment=&#8221;default&#8221;&#8230;<\/p>\n","protected":false},"author":1,"featured_media":0,"parent":0,"menu_order":0,"comment_status":"closed","ping_status":"closed","template":"","meta":{"footnotes":""},"class_list":["post-1466","page","type-page","status-publish"],"_links":{"self":[{"href":"http:\/\/flamencofestivalesch.lu\/en\/wp-json\/wp\/v2\/pages\/1466","targetHints":{"allow":["GET"]}}],"collection":[{"href":"http:\/\/flamencofestivalesch.lu\/en\/wp-json\/wp\/v2\/pages"}],"about":[{"href":"http:\/\/flamencofestivalesch.lu\/en\/wp-json\/wp\/v2\/types\/page"}],"author":[{"embeddable":true,"href":"http:\/\/flamencofestivalesch.lu\/en\/wp-json\/wp\/v2\/users\/1"}],"replies":[{"embeddable":true,"href":"http:\/\/flamencofestivalesch.lu\/en\/wp-json\/wp\/v2\/comments?post=1466"}],"version-history":[{"count":1,"href":"http:\/\/flamencofestivalesch.lu\/en\/wp-json\/wp\/v2\/pages\/1466\/revisions"}],"predecessor-version":[{"id":1497,"href":"http:\/\/flamencofestivalesch.lu\/en\/wp-json\/wp\/v2\/pages\/1466\/revisions\/1497"}],"wp:attachment":[{"href":"http:\/\/flamencofestivalesch.lu\/en\/wp-json\/wp\/v2\/media?parent=1466"}],"curies":[{"name":"wp","href":"https:\/\/api.w.org\/{rel}","templated":true}]}}